{"id":1883,"date":"2025-12-16T14:43:48","date_gmt":"2025-12-16T14:43:48","guid":{"rendered":"https:\/\/kecersrl.ro\/cookie-policy-eu\/"},"modified":"2026-02-08T13:02:44","modified_gmt":"2026-02-08T13:02:44","slug":"cookie-policy-eu","status":"publish","type":"page","link":"https:\/\/kecersrl.ro\/ro\/cookie-policy-eu\/","title":{"rendered":"Politica privind cookie-urile"},"content":{"rendered":"<div data-elementor-type=\"wp-page\" data-elementor-id=\"1883\" class=\"elementor elementor-1883\">\n\t\t\t\t<div class=\"elementor-element elementor-element-b1196c7 e-flex e-con-boxed e-con e-parent\" data-id=\"b1196c7\" data-element_type=\"container\" data-e-type=\"container\" data-settings=\"{&quot;background_background&quot;:&quot;classic&quot;}\">\n\t\t\t\t\t<div class=\"e-con-inner\">\n\t\t\t\t<div class=\"elementor-element elementor-element-82f70a2 elementor-widget elementor-widget-heading\" data-id=\"82f70a2\" data-element_type=\"widget\" data-e-type=\"widget\" data-widget_type=\"heading.default\">\n\t\t\t\t\t<h2 class=\"elementor-heading-title elementor-size-default\">Politica privind cookie-urile \u2013 KECER SRL<\/h2>\t\t\t\t<\/div>\n\t\t\t\t<div class=\"elementor-element elementor-element-36282e0 elementor-widget elementor-widget-text-editor\" data-id=\"36282e0\" data-element_type=\"widget\" data-e-type=\"widget\" data-widget_type=\"text-editor.default\">\n\t\t\t\t\t\t\t\t\t<p>Aceast\u0103 politic\u0103 privind cookie-urile se aplic\u0103 cookie-urilor utilizate pe site-ul web al <strong>KECER SRL<\/strong> \u00eencep\u00e2nd cu noua modificare. KECER este angajat\u0103 \u00een protejarea datelor utilizatorilor \u0219i asigurarea unei experien\u021be optime de navigare.<\/p>\t\t\t\t\t\t\t\t<\/div>\n\t\t\t\t<div class=\"elementor-element elementor-element-cb4b1ef elementor-widget elementor-widget-heading\" data-id=\"cb4b1ef\" data-element_type=\"widget\" data-e-type=\"widget\" data-widget_type=\"heading.default\">\n\t\t\t\t\t<h2 class=\"elementor-heading-title elementor-size-default\">Ce este un cookie?<\/h2>\t\t\t\t<\/div>\n\t\t\t\t<div class=\"elementor-element elementor-element-4d76416 elementor-widget elementor-widget-text-editor\" data-id=\"4d76416\" data-element_type=\"widget\" data-e-type=\"widget\" data-widget_type=\"text-editor.default\">\n\t\t\t\t\t\t\t\t\t<p>Un cookie este un fi\u0219ier mic, format din litere \u0219i cifre, pe care site-ul \u00eel plaseaz\u0103 pe dispozitivul utilizatorului (computer, mobil, tablet\u0103) atunci c\u00e2nd utilizeaz\u0103 site-ul. Cookie-urile <strong data-start=\"807\" data-end=\"857\">nu con\u021bin viru\u0219i sau programe spion<\/strong>\u0219i, prin ele \u00eensele, nu identific\u0103 personal utilizatorul.<\/p>\t\t\t\t\t\t\t\t<\/div>\n\t\t\t\t<div class=\"elementor-element elementor-element-52569fa elementor-widget elementor-widget-heading\" data-id=\"52569fa\" data-element_type=\"widget\" data-e-type=\"widget\" data-widget_type=\"heading.default\">\n\t\t\t\t\t<h2 class=\"elementor-heading-title elementor-size-default\">Ce tipuri de cookie-uri folosim?<\/h2>\t\t\t\t<\/div>\n\t\t\t\t<div class=\"elementor-element elementor-element-d5505d9 elementor-widget elementor-widget-text-editor\" data-id=\"d5505d9\" data-element_type=\"widget\" data-e-type=\"widget\" data-widget_type=\"text-editor.default\">\n\t\t\t\t\t\t\t\t\t<p data-start=\"935\" data-end=\"975\">KECER SRL utilizeaz\u0103 urm\u0103toarele cookie-uri:<\/p><ul data-start=\"977\" data-end=\"1202\"><li data-start=\"977\" data-end=\"1063\"><p data-start=\"979\" data-end=\"1063\"><strong data-start=\"979\" data-end=\"999\">Cookie-uri de sesiune<\/strong>: fi\u0219iere temporare care se \u0219terg la \u00eenchiderea browser-ului.<\/p><\/li><li data-start=\"1064\" data-end=\"1202\"><p data-start=\"1066\" data-end=\"1202\"><strong data-start=\"1066\" data-end=\"1083\">Cookie-uri persistente<\/strong>: fi\u0219iere care r\u0103m\u00e2n pe dispozitivul utilizatorului pentru o perioad\u0103 mai lung\u0103 sau p\u00e2n\u0103 sunt \u0219terse manual.<\/p><\/li><\/ul>\t\t\t\t\t\t\t\t<\/div>\n\t\t\t\t<div class=\"elementor-element elementor-element-2e73e75 elementor-widget elementor-widget-heading\" data-id=\"2e73e75\" data-element_type=\"widget\" data-e-type=\"widget\" data-widget_type=\"heading.default\">\n\t\t\t\t\t<h2 class=\"elementor-heading-title elementor-size-default\">La ce folosim cookie-urile?<\/h2>\t\t\t\t<\/div>\n\t\t\t\t<div class=\"elementor-element elementor-element-aeb3c6a elementor-widget elementor-widget-text-editor\" data-id=\"aeb3c6a\" data-element_type=\"widget\" data-e-type=\"widget\" data-widget_type=\"text-editor.default\">\n\t\t\t\t\t\t\t\t\t<p data-start=\"1235\" data-end=\"1294\">Cu ajutorul cookie-urilor, site-ul nostru asigur\u0103 urm\u0103toarele:<\/p><ul data-start=\"1296\" data-end=\"1605\"><li data-start=\"1296\" data-end=\"1364\"><p data-start=\"1298\" data-end=\"1364\">Optimizarea func\u021bion\u0103rii site-ului \u0219i men\u021binerea securit\u0103\u021bii acestuia.<\/p><\/li><li data-start=\"1365\" data-end=\"1454\"><p data-start=\"1367\" data-end=\"1454\">Colectarea statisticilor vizitatorilor despre utilizarea site-ului (de exemplu, ce pagin\u0103 este vizitat\u0103).<\/p><\/li><li data-start=\"1455\" data-end=\"1500\"><p data-start=\"1457\" data-end=\"1500\">Sprijinirea func\u021bion\u0103rii formularelor de contact.<\/p><\/li><li data-start=\"1501\" data-end=\"1605\"><p data-start=\"1503\" data-end=\"1605\">Personalizarea experien\u021bei utilizatorului, de exemplu memorarea set\u0103rilor sau a limbii preferate.<\/p><\/li><\/ul>\t\t\t\t\t\t\t\t<\/div>\n\t\t\t\t<div class=\"elementor-element elementor-element-ee4b92d elementor-widget elementor-widget-heading\" data-id=\"ee4b92d\" data-element_type=\"widget\" data-e-type=\"widget\" data-widget_type=\"heading.default\">\n\t\t\t\t\t<h2 class=\"elementor-heading-title elementor-size-default\">Date personale \u0219i cookie-uri<\/h2>\t\t\t\t<\/div>\n\t\t\t\t<div class=\"elementor-element elementor-element-0a0f789 elementor-widget elementor-widget-text-editor\" data-id=\"0a0f789\" data-element_type=\"widget\" data-e-type=\"widget\" data-widget_type=\"text-editor.default\">\n\t\t\t\t\t\t\t\t\t<p data-start=\"1423\" data-end=\"1486\">Cookie-urile \u00een sine nu colecteaz\u0103 date personale, dar anumite func\u021bii ale site-ului (de exemplu, contactul) pot necesita prelucrarea datelor furnizate de utilizator. Aceste date <strong data-start=\"1849\" data-end=\"1870\">sunt prelucrate \u00een mod criptat<\/strong> \u0219i nu sunt accesibile ter\u021bilor.<\/p>\t\t\t\t\t\t\t\t<\/div>\n\t\t\t\t<div class=\"elementor-element elementor-element-ba5bd2b elementor-widget elementor-widget-heading\" data-id=\"ba5bd2b\" data-element_type=\"widget\" data-e-type=\"widget\" data-widget_type=\"heading.default\">\n\t\t\t\t\t<h2 class=\"elementor-heading-title elementor-size-default\">Cum pot fi gestionate cookie-urile?<\/h2>\t\t\t\t<\/div>\n\t\t\t\t<div class=\"elementor-element elementor-element-12d9854 elementor-widget elementor-widget-text-editor\" data-id=\"12d9854\" data-element_type=\"widget\" data-e-type=\"widget\" data-widget_type=\"text-editor.default\">\n\t\t\t\t\t\t\t\t\t<p data-start=\"1964\" data-end=\"2039\">Utilizatorul poate modifica gestionarea cookie-urilor \u00een set\u0103rile browser-ului:<\/p><ul data-start=\"2041\" data-end=\"2174\"><li data-start=\"2041\" data-end=\"2080\"><p data-start=\"2043\" data-end=\"2080\">Poate bloca cookie\u2011urile automate.<\/p><\/li><li data-start=\"2081\" data-end=\"2129\"><p data-start=\"2083\" data-end=\"2129\">Poate primi o notificare atunci c\u00e2nd plas\u0103m un cookie.<\/p><\/li><li data-start=\"2130\" data-end=\"2174\"><p data-start=\"2132\" data-end=\"2174\">Poate \u0219terge oric\u00e2nd cookie\u2011urile existente.<\/p><\/li><\/ul><p data-start=\"2176\" data-end=\"2254\">Este important de \u0219tiut c\u0103 dezactivarea cookie-urilor poate limita unele func\u021bii ale site-urilor web.<\/p>\t\t\t\t\t\t\t\t<\/div>\n\t\t\t\t<div class=\"elementor-element elementor-element-6ef4618 elementor-widget elementor-widget-heading\" data-id=\"6ef4618\" data-element_type=\"widget\" data-e-type=\"widget\" data-widget_type=\"heading.default\">\n\t\t\t\t\t<h2 class=\"elementor-heading-title elementor-size-default\">Contact<\/h2>\t\t\t\t<\/div>\n\t\t\t\t<div class=\"elementor-element elementor-element-3e57728 elementor-widget elementor-widget-text-editor\" data-id=\"3e57728\" data-element_type=\"widget\" data-e-type=\"widget\" data-widget_type=\"text-editor.default\">\n\t\t\t\t\t\t\t\t\t<p data-start=\"2270\" data-end=\"2377\">Dac\u0103 ai vreo \u00eentrebare legat\u0103 de utilizarea cookie-urilor, scrie-ne la una dintre urm\u0103toarele modalit\u0103\u021bi de contact:<\/p><p data-start=\"2379\" data-end=\"2442\"><strong data-start=\"2379\" data-end=\"2389\">Email:<\/strong> <a class=\"decorated-link cursor-pointer\" rel=\"noopener\" data-start=\"979\" data-end=\"995\">contact@kecersrl.ro<\/a><br data-start=\"2409\" data-end=\"2412\" \/><strong data-start=\"2412\" data-end=\"2424\">Telefon:<\/strong> +40 743 919 393<\/p>\t\t\t\t\t\t\t\t<\/div>\n\t\t\t\t\t<\/div>\n\t\t\t\t<\/div>\n\t\t\t\t<\/div>","protected":false},"excerpt":{"rendered":"<p>S\u00fctikre vonatkoz\u00f3 ir\u00e1nyelvek \u2013 KECER SRL Ez a S\u00fctikre vonatkoz\u00f3 ir\u00e1nyelv a KECER SRL weboldal\u00e1n alkalmazott cookie-kra vonatkozik. A KECER elk\u00f6telezett a felhaszn\u00e1l\u00f3k adatainak v\u00e9delme \u00e9s a b\u00f6ng\u00e9sz\u00e9si \u00e9lm\u00e9ny biztos\u00edt\u00e1sa mellett. Mi az a s\u00fcti (cookie)? A s\u00fcti egy kis f\u00e1jl, bet\u0171kb\u0151l \u00e9s sz\u00e1mokb\u00f3l \u00e1ll, amelyet a weboldal helyez el a felhaszn\u00e1l\u00f3 eszk\u00f6z\u00e9n (sz\u00e1m\u00edt\u00f3g\u00e9p, mobil, [&hellip;]<\/p>\n","protected":false},"author":1,"featured_media":0,"parent":0,"menu_order":0,"comment_status":"closed","ping_status":"closed","template":"","meta":{"site-sidebar-layout":"default","site-content-layout":"","ast-site-content-layout":"default","site-content-style":"default","site-sidebar-style":"default","ast-global-header-display":"","ast-banner-title-visibility":"","ast-main-header-display":"","ast-hfb-above-header-display":"","ast-hfb-below-header-display":"","ast-hfb-mobile-header-display":"","site-post-title":"disabled","ast-breadcrumbs-content":"","ast-featured-img":"","footer-sml-layout":"","ast-disable-related-posts":"","theme-transparent-header-meta":"","adv-header-id-meta":"","stick-header-meta":"","header-above-stick-meta":"","header-main-stick-meta":"","header-below-stick-meta":"","astra-migrate-meta-layouts":"default","ast-page-background-enabled":"default","ast-page-background-meta":{"desktop":{"background-color":"","background-image":"","background-repeat":"repeat","background-position":"center center","background-size":"auto","background-attachment":"scroll","background-type":"","background-media":"","overlay-type":"","overlay-color":"","overlay-opacity":"","overlay-gradient":""},"tablet":{"background-color":"","background-image":"","background-repeat":"repeat","background-position":"center center","background-size":"auto","background-attachment":"scroll","background-type":"","background-media":"","overlay-type":"","overlay-color":"","overlay-opacity":"","overlay-gradient":""},"mobile":{"background-color":"","background-image":"","background-repeat":"repeat","background-position":"center center","background-size":"auto","background-attachment":"scroll","background-type":"","background-media":"","overlay-type":"","overlay-color":"","overlay-opacity":"","overlay-gradient":""}},"ast-content-background-meta":{"desktop":{"background-color":"var(--ast-global-color-5)","background-image":"","background-repeat":"repeat","background-position":"center center","background-size":"auto","background-attachment":"scroll","background-type":"","background-media":"","overlay-type":"","overlay-color":"","overlay-opacity":"","overlay-gradient":""},"tablet":{"background-color":"var(--ast-global-color-5)","background-image":"","background-repeat":"repeat","background-position":"center center","background-size":"auto","background-attachment":"scroll","background-type":"","background-media":"","overlay-type":"","overlay-color":"","overlay-opacity":"","overlay-gradient":""},"mobile":{"background-color":"var(--ast-global-color-5)","background-image":"","background-repeat":"repeat","background-position":"center center","background-size":"auto","background-attachment":"scroll","background-type":"","background-media":"","overlay-type":"","overlay-color":"","overlay-opacity":"","overlay-gradient":""}},"footnotes":""},"class_list":["post-1883","page","type-page","status-publish","hentry"],"yoast_head":"<!-- This site is optimized with the Yoast SEO plugin v27.1.1 - https:\/\/yoast.com\/product\/yoast-seo-wordpress\/ -->\n<title>S\u00fctikre vonatkoz\u00f3 ir\u00e1nyelvek - KECER SRL<\/title>\n<meta name=\"robots\" content=\"index, follow, max-snippet:-1, max-image-preview:large, max-video-preview:-1\" \/>\n<link rel=\"canonical\" href=\"https:\/\/kecersrl.ro\/ro\/cookie-policy-eu\/\" \/>\n<meta property=\"og:locale\" content=\"ro_RO\" \/>\n<meta property=\"og:type\" content=\"article\" \/>\n<meta property=\"og:title\" content=\"S\u00fctikre vonatkoz\u00f3 ir\u00e1nyelvek - KECER SRL\" \/>\n<meta property=\"og:description\" content=\"S\u00fctikre vonatkoz\u00f3 ir\u00e1nyelvek \u2013 KECER SRL Ez a S\u00fctikre vonatkoz\u00f3 ir\u00e1nyelv a KECER SRL weboldal\u00e1n alkalmazott cookie-kra vonatkozik. A KECER elk\u00f6telezett a felhaszn\u00e1l\u00f3k adatainak v\u00e9delme \u00e9s a b\u00f6ng\u00e9sz\u00e9si \u00e9lm\u00e9ny biztos\u00edt\u00e1sa mellett. Mi az a s\u00fcti (cookie)? A s\u00fcti egy kis f\u00e1jl, bet\u0171kb\u0151l \u00e9s sz\u00e1mokb\u00f3l \u00e1ll, amelyet a weboldal helyez el a felhaszn\u00e1l\u00f3 eszk\u00f6z\u00e9n (sz\u00e1m\u00edt\u00f3g\u00e9p, mobil, [&hellip;]\" \/>\n<meta property=\"og:url\" content=\"https:\/\/kecersrl.ro\/ro\/cookie-policy-eu\/\" \/>\n<meta property=\"og:site_name\" content=\"KECER SRL\" \/>\n<meta property=\"article:publisher\" content=\"https:\/\/www.facebook.com\/people\/Kecer-Srl\/61585232901414\/\" \/>\n<meta property=\"article:modified_time\" content=\"2026-02-08T13:02:44+00:00\" \/>\n<meta name=\"twitter:card\" content=\"summary_large_image\" \/>\n<meta name=\"twitter:label1\" content=\"Timp estimat pentru citire\" \/>\n\t<meta name=\"twitter:data1\" content=\"2 minute\" \/>\n<script type=\"application\/ld+json\" class=\"yoast-schema-graph\">{\"@context\":\"https:\/\/schema.org\",\"@graph\":[{\"@type\":\"WebPage\",\"@id\":\"https:\/\/kecersrl.ro\/cookie-policy-eu\/\",\"url\":\"https:\/\/kecersrl.ro\/cookie-policy-eu\/\",\"name\":\"S\u00fctikre vonatkoz\u00f3 ir\u00e1nyelvek - KECER SRL\",\"isPartOf\":{\"@id\":\"https:\/\/kecersrl.ro\/#website\"},\"datePublished\":\"2025-12-16T14:43:48+00:00\",\"dateModified\":\"2026-02-08T13:02:44+00:00\",\"breadcrumb\":{\"@id\":\"https:\/\/kecersrl.ro\/cookie-policy-eu\/#breadcrumb\"},\"inLanguage\":\"ro-RO\",\"potentialAction\":[{\"@type\":\"ReadAction\",\"target\":[\"https:\/\/kecersrl.ro\/cookie-policy-eu\/\"]}]},{\"@type\":\"BreadcrumbList\",\"@id\":\"https:\/\/kecersrl.ro\/cookie-policy-eu\/#breadcrumb\",\"itemListElement\":[{\"@type\":\"ListItem\",\"position\":1,\"name\":\"Home\",\"item\":\"https:\/\/kecersrl.ro\/\"},{\"@type\":\"ListItem\",\"position\":2,\"name\":\"S\u00fctikre vonatkoz\u00f3 ir\u00e1nyelvek\"}]},{\"@type\":\"WebSite\",\"@id\":\"https:\/\/kecersrl.ro\/#website\",\"url\":\"https:\/\/kecersrl.ro\/\",\"name\":\"KECER SRL\",\"description\":\"Min\u0151s\u00e9gi fa ajt\u00f3k \u00e9s ablakok gy\u00e1rt\u00e1sa | egyedi asztalos megold\u00e1sok\",\"publisher\":{\"@id\":\"https:\/\/kecersrl.ro\/#organization\"},\"inLanguage\":\"ro-RO\"},{\"@type\":\"Organization\",\"@id\":\"https:\/\/kecersrl.ro\/#organization\",\"name\":\"KECER SRL\",\"url\":\"https:\/\/kecersrl.ro\/\",\"logo\":{\"@type\":\"ImageObject\",\"inLanguage\":\"ro-RO\",\"@id\":\"https:\/\/kecersrl.ro\/#\/schema\/logo\/image\/\",\"url\":\"https:\/\/kecersrl.ro\/wp-content\/uploads\/2026\/02\/cropped-cropped-logo.png\",\"contentUrl\":\"https:\/\/kecersrl.ro\/wp-content\/uploads\/2026\/02\/cropped-cropped-logo.png\",\"width\":328,\"height\":97,\"caption\":\"KECER SRL\"},\"image\":{\"@id\":\"https:\/\/kecersrl.ro\/#\/schema\/logo\/image\/\"},\"sameAs\":[\"https:\/\/www.facebook.com\/people\/Kecer-Srl\/61585232901414\/\",\"https:\/\/api.whatsapp.com\/send\/?phone=40743919393&text&type=phone_number&app_absent=0\"]}]}<\/script>\n<!-- \/ Yoast SEO plugin. -->","yoast_head_json":{"title":"S\u00fctikre vonatkoz\u00f3 ir\u00e1nyelvek - KECER SRL","robots":{"index":"index","follow":"follow","max-snippet":"max-snippet:-1","max-image-preview":"max-image-preview:large","max-video-preview":"max-video-preview:-1"},"canonical":"https:\/\/kecersrl.ro\/ro\/cookie-policy-eu\/","og_locale":"ro_RO","og_type":"article","og_title":"S\u00fctikre vonatkoz\u00f3 ir\u00e1nyelvek - KECER SRL","og_description":"S\u00fctikre vonatkoz\u00f3 ir\u00e1nyelvek \u2013 KECER SRL Ez a S\u00fctikre vonatkoz\u00f3 ir\u00e1nyelv a KECER SRL weboldal\u00e1n alkalmazott cookie-kra vonatkozik. A KECER elk\u00f6telezett a felhaszn\u00e1l\u00f3k adatainak v\u00e9delme \u00e9s a b\u00f6ng\u00e9sz\u00e9si \u00e9lm\u00e9ny biztos\u00edt\u00e1sa mellett. Mi az a s\u00fcti (cookie)? A s\u00fcti egy kis f\u00e1jl, bet\u0171kb\u0151l \u00e9s sz\u00e1mokb\u00f3l \u00e1ll, amelyet a weboldal helyez el a felhaszn\u00e1l\u00f3 eszk\u00f6z\u00e9n (sz\u00e1m\u00edt\u00f3g\u00e9p, mobil, [&hellip;]","og_url":"https:\/\/kecersrl.ro\/ro\/cookie-policy-eu\/","og_site_name":"KECER SRL","article_publisher":"https:\/\/www.facebook.com\/people\/Kecer-Srl\/61585232901414\/","article_modified_time":"2026-02-08T13:02:44+00:00","twitter_card":"summary_large_image","twitter_misc":{"Timp estimat pentru citire":"2 minute"},"schema":{"@context":"https:\/\/schema.org","@graph":[{"@type":"WebPage","@id":"https:\/\/kecersrl.ro\/cookie-policy-eu\/","url":"https:\/\/kecersrl.ro\/cookie-policy-eu\/","name":"S\u00fctikre vonatkoz\u00f3 ir\u00e1nyelvek - KECER SRL","isPartOf":{"@id":"https:\/\/kecersrl.ro\/#website"},"datePublished":"2025-12-16T14:43:48+00:00","dateModified":"2026-02-08T13:02:44+00:00","breadcrumb":{"@id":"https:\/\/kecersrl.ro\/cookie-policy-eu\/#breadcrumb"},"inLanguage":"ro-RO","potentialAction":[{"@type":"ReadAction","target":["https:\/\/kecersrl.ro\/cookie-policy-eu\/"]}]},{"@type":"BreadcrumbList","@id":"https:\/\/kecersrl.ro\/cookie-policy-eu\/#breadcrumb","itemListElement":[{"@type":"ListItem","position":1,"name":"Home","item":"https:\/\/kecersrl.ro\/"},{"@type":"ListItem","position":2,"name":"S\u00fctikre vonatkoz\u00f3 ir\u00e1nyelvek"}]},{"@type":"WebSite","@id":"https:\/\/kecersrl.ro\/#website","url":"https:\/\/kecersrl.ro\/","name":"KECER SRL","description":"Min\u0151s\u00e9gi fa ajt\u00f3k \u00e9s ablakok gy\u00e1rt\u00e1sa | egyedi asztalos megold\u00e1sok","publisher":{"@id":"https:\/\/kecersrl.ro\/#organization"},"inLanguage":"ro-RO"},{"@type":"Organization","@id":"https:\/\/kecersrl.ro\/#organization","name":"KECER SRL","url":"https:\/\/kecersrl.ro\/","logo":{"@type":"ImageObject","inLanguage":"ro-RO","@id":"https:\/\/kecersrl.ro\/#\/schema\/logo\/image\/","url":"https:\/\/kecersrl.ro\/wp-content\/uploads\/2026\/02\/cropped-cropped-logo.png","contentUrl":"https:\/\/kecersrl.ro\/wp-content\/uploads\/2026\/02\/cropped-cropped-logo.png","width":328,"height":97,"caption":"KECER SRL"},"image":{"@id":"https:\/\/kecersrl.ro\/#\/schema\/logo\/image\/"},"sameAs":["https:\/\/www.facebook.com\/people\/Kecer-Srl\/61585232901414\/","https:\/\/api.whatsapp.com\/send\/?phone=40743919393&text&type=phone_number&app_absent=0"]}]}},"_hostinger_reach_plugin_has_subscription_block":false,"_hostinger_reach_plugin_is_elementor":false,"_links":{"self":[{"href":"https:\/\/kecersrl.ro\/ro\/wp-json\/wp\/v2\/pages\/1883","targetHints":{"allow":["GET"]}}],"collection":[{"href":"https:\/\/kecersrl.ro\/ro\/wp-json\/wp\/v2\/pages"}],"about":[{"href":"https:\/\/kecersrl.ro\/ro\/wp-json\/wp\/v2\/types\/page"}],"author":[{"embeddable":true,"href":"https:\/\/kecersrl.ro\/ro\/wp-json\/wp\/v2\/users\/1"}],"replies":[{"embeddable":true,"href":"https:\/\/kecersrl.ro\/ro\/wp-json\/wp\/v2\/comments?post=1883"}],"version-history":[{"count":24,"href":"https:\/\/kecersrl.ro\/ro\/wp-json\/wp\/v2\/pages\/1883\/revisions"}],"predecessor-version":[{"id":2223,"href":"https:\/\/kecersrl.ro\/ro\/wp-json\/wp\/v2\/pages\/1883\/revisions\/2223"}],"wp:attachment":[{"href":"https:\/\/kecersrl.ro\/ro\/wp-json\/wp\/v2\/media?parent=1883"}],"curies":[{"name":"wp","href":"https:\/\/api.w.org\/{rel}","templated":true}]}}