{"id":3,"date":"2025-12-11T18:49:33","date_gmt":"2025-12-11T18:49:33","guid":{"rendered":"https:\/\/kecersrl.ro\/?page_id=3"},"modified":"2026-02-08T13:01:57","modified_gmt":"2026-02-08T13:01:57","slug":"privacy-policy","status":"publish","type":"page","link":"https:\/\/kecersrl.ro\/ro\/privacy-policy\/","title":{"rendered":"Politica de confiden\u021bialitate"},"content":{"rendered":"<div data-elementor-type=\"wp-page\" data-elementor-id=\"3\" class=\"elementor elementor-3\">\n\t\t\t\t<div class=\"elementor-element elementor-element-ce1e1f0 e-flex e-con-boxed e-con e-parent\" data-id=\"ce1e1f0\" data-element_type=\"container\" data-e-type=\"container\" data-settings=\"{&quot;background_background&quot;:&quot;classic&quot;}\">\n\t\t\t\t\t<div class=\"e-con-inner\">\n\t\t\t\t<div class=\"elementor-element elementor-element-769aa9b elementor-widget elementor-widget-heading\" data-id=\"769aa9b\" data-element_type=\"widget\" data-e-type=\"widget\" data-widget_type=\"heading.default\">\n\t\t\t\t\t<h2 class=\"elementor-heading-title elementor-size-default\">Politica de confiden\u021bialitate \u2013 KECER SRL<\/h2>\t\t\t\t<\/div>\n\t\t\t\t<div class=\"elementor-element elementor-element-2ad8984 elementor-widget elementor-widget-text-editor\" data-id=\"2ad8984\" data-element_type=\"widget\" data-e-type=\"widget\" data-widget_type=\"text-editor.default\">\n\t\t\t\t\t\t\t\t\t<p>Aceasta este politica de protec\u021bie a datelor cu caracter personal (\u201ePolitica\u201d), care explic\u0103 modul \u00een care colect\u0103m, utiliz\u0103m \u0219i gestion\u0103m datele tale personale prin intermediul <strong data-start=\"416\" data-end=\"429\">KECER SRL<\/strong> (denumit\u0103 \u00een continuare \u201eKECER\u201d) prin intermediul site\u2011ului web \u0219i al serviciilor sale.<\/p><p>KECER este angajat\u0103 \u00een protejarea datelor cu caracter personal \u0219i \u00een respectarea vie\u021bii private a utilizatorilor.<\/p>\t\t\t\t\t\t\t\t<\/div>\n\t\t\t\t<div class=\"elementor-element elementor-element-3260796 elementor-widget elementor-widget-heading\" data-id=\"3260796\" data-element_type=\"widget\" data-e-type=\"widget\" data-widget_type=\"heading.default\">\n\t\t\t\t\t<h2 class=\"elementor-heading-title elementor-size-default\">Operator de date cu caracter personal<\/h2>\t\t\t\t<\/div>\n\t\t\t\t<div class=\"elementor-element elementor-element-314aaea elementor-widget elementor-widget-text-editor\" data-id=\"314aaea\" data-element_type=\"widget\" data-e-type=\"widget\" data-widget_type=\"text-editor.default\">\n\t\t\t\t\t\t\t\t\t<p>Numele companiei: KECER SRL<br data-start=\"888\" data-end=\"891\" \/>Sediu: Lupeni 647\/P, jude\u021bul Harghita, Rom\u00e2nia<br data-start=\"941\" data-end=\"944\" \/>Telefon: +40 743 919 393<br data-start=\"968\" data-end=\"971\" \/>E-mail: <a class=\"decorated-link cursor-pointer\" rel=\"noopener\" data-start=\"979\" data-end=\"995\">contact@kecersrl.ro<\/a><\/p>\t\t\t\t\t\t\t\t<\/div>\n\t\t\t\t<div class=\"elementor-element elementor-element-5505a3d elementor-widget elementor-widget-heading\" data-id=\"5505a3d\" data-element_type=\"widget\" data-e-type=\"widget\" data-widget_type=\"heading.default\">\n\t\t\t\t\t<h2 class=\"elementor-heading-title elementor-size-default\">Ce date colect\u0103m<\/h2>\t\t\t\t<\/div>\n\t\t\t\t<div class=\"elementor-element elementor-element-5d4f652 elementor-widget elementor-widget-text-editor\" data-id=\"5d4f652\" data-element_type=\"widget\" data-e-type=\"widget\" data-widget_type=\"text-editor.default\">\n\t\t\t\t\t\t\t\t\t<p data-start=\"793\" data-end=\"880\">Colect\u0103m datele tale cu caracter personal atunci c\u00e2nd sunt relevante pentru serviciile noastre, de exemplu:<\/p><ul data-start=\"881\" data-end=\"1053\"><li data-start=\"881\" data-end=\"970\"><p data-start=\"883\" data-end=\"970\">La completarea formularului de contact: nume, adres\u0103 de e\u2011mail, mesaj, subiectul ales.<\/p><\/li><li data-start=\"971\" data-end=\"1053\"><p data-start=\"973\" data-end=\"1053\">La utilizarea cookie-urilor: adres\u0103 IP, informa\u021bii despre browser, navigarea pe site-ul web.<\/p><\/li><\/ul><p data-start=\"1055\" data-end=\"1148\">Nu folosim datele tale personale \u00een scopuri de marketing, cu excep\u021bia cazului \u00een care ai consim\u021bit \u00een mod expres.<\/p>\t\t\t\t\t\t\t\t<\/div>\n\t\t\t\t<div class=\"elementor-element elementor-element-675fce8 elementor-widget elementor-widget-heading\" data-id=\"675fce8\" data-element_type=\"widget\" data-e-type=\"widget\" data-widget_type=\"heading.default\">\n\t\t\t\t\t<h2 class=\"elementor-heading-title elementor-size-default\">Cookie-uri<\/h2>\t\t\t\t<\/div>\n\t\t\t\t<div class=\"elementor-element elementor-element-7f19122 elementor-widget elementor-widget-text-editor\" data-id=\"7f19122\" data-element_type=\"widget\" data-e-type=\"widget\" data-widget_type=\"text-editor.default\">\n\t\t\t\t\t\t\t\t\t<p>Site-ul utilizeaz\u0103 cookie-uri pentru a asigura func\u021bionarea corect\u0103 a paginii, precum \u0219i \u00een scopuri statistice. \u00cen cazul utiliz\u0103rii cookie-urilor neesen\u021biale, <strong data-start=\"1318\" data-end=\"1339\">, site-ul solicit\u0103 consim\u021b\u0103m\u00e2ntul,<\/strong>iar tu po\u021bi modifica set\u0103rile \u00een orice moment.<\/p>\t\t\t\t\t\t\t\t<\/div>\n\t\t\t\t<div class=\"elementor-element elementor-element-1cf6410 elementor-widget elementor-widget-heading\" data-id=\"1cf6410\" data-element_type=\"widget\" data-e-type=\"widget\" data-widget_type=\"heading.default\">\n\t\t\t\t\t<h2 class=\"elementor-heading-title elementor-size-default\">Scopul \u0219i durata prelucr\u0103rii datelor<\/h2>\t\t\t\t<\/div>\n\t\t\t\t<div class=\"elementor-element elementor-element-b78d115 elementor-widget elementor-widget-text-editor\" data-id=\"b78d115\" data-element_type=\"widget\" data-e-type=\"widget\" data-widget_type=\"text-editor.default\">\n\t\t\t\t\t\t\t\t\t<p data-start=\"1423\" data-end=\"1486\">Datele colectate sunt utilizate exclusiv \u00een urm\u0103toarele scopuri:<\/p>\n<ul data-start=\"1487\" data-end=\"1631\">\n<li data-start=\"1487\" data-end=\"1533\">\n<p data-start=\"1489\" data-end=\"1533\">Prelucrarea solicit\u0103rilor \u0219i a contactelor.<\/p>\n<\/li>\n<li data-start=\"1534\" data-end=\"1587\">\n<p data-start=\"1536\" data-end=\"1587\">Operarea site\u2011ului \u0219i asigurarea securit\u0103\u021bii acestuia.<\/p>\n<\/li>\n<li data-start=\"1588\" data-end=\"1631\">\n<p data-start=\"1590\" data-end=\"1631\">\u00cendeplinirea obliga\u021biilor legale.<\/p>\n<\/li>\n<\/ul>\n<p data-start=\"1633\" data-end=\"1741\">Datele sunt stocate at\u00e2t timp c\u00e2t este necesar pentru atingerea scopurilor de mai sus \u0219i conform perioadelor prev\u0103zute de lege.<\/p>\t\t\t\t\t\t\t\t<\/div>\n\t\t\t\t<div class=\"elementor-element elementor-element-c04043d elementor-widget elementor-widget-heading\" data-id=\"c04043d\" data-element_type=\"widget\" data-e-type=\"widget\" data-widget_type=\"heading.default\">\n\t\t\t\t\t<h2 class=\"elementor-heading-title elementor-size-default\">Prelucrarea datelor cu ter\u021be p\u0103r\u021bi<\/h2>\t\t\t\t<\/div>\n\t\t\t\t<div class=\"elementor-element elementor-element-80b8a19 elementor-widget elementor-widget-text-editor\" data-id=\"80b8a19\" data-element_type=\"widget\" data-e-type=\"widget\" data-widget_type=\"text-editor.default\">\n\t\t\t\t\t\t\t\t\t<p data-start=\"1800\" data-end=\"1812\">Datele tale personale <strong data-start=\"1795\" data-end=\"1830\">nu sunt \u00eemp\u0103rt\u0103\u0219ite cu ter\u021be p\u0103r\u021bi<\/strong>, cu excep\u021bia cazului \u00een care legea ne oblig\u0103 sau este necesar pentru func\u021bionarea site-ului web (de exemplu, furnizor de g\u0103zduire, furnizor de servicii de trimitere e-mail).<\/p>\t\t\t\t\t\t\t\t<\/div>\n\t\t\t\t<div class=\"elementor-element elementor-element-ca447db elementor-widget elementor-widget-heading\" data-id=\"ca447db\" data-element_type=\"widget\" data-e-type=\"widget\" data-widget_type=\"heading.default\">\n\t\t\t\t\t<h2 class=\"elementor-heading-title elementor-size-default\">Drepturile utilizatorilor<\/h2>\t\t\t\t<\/div>\n\t\t\t\t<div class=\"elementor-element elementor-element-48675bb elementor-widget elementor-widget-text-editor\" data-id=\"48675bb\" data-element_type=\"widget\" data-e-type=\"widget\" data-widget_type=\"text-editor.default\">\n\t\t\t\t\t\t\t\t\t<p data-start=\"1987\" data-end=\"2012\">Ai dreptul \u00een orice moment s\u0103:<\/p><ul data-start=\"2013\" data-end=\"2170\"><li data-start=\"2013\" data-end=\"2048\"><p data-start=\"2015\" data-end=\"2048\">A solicita acces la datele tale.<\/p><\/li><li data-start=\"2049\" data-end=\"2094\"><p data-start=\"2051\" data-end=\"2094\">A solicita rectificarea sau \u0219tergerea datelor tale.<\/p><\/li><li data-start=\"2095\" data-end=\"2130\"><p data-start=\"2097\" data-end=\"2130\">A se opune prelucr\u0103rii datelor.<\/p><\/li><li data-start=\"2131\" data-end=\"2170\"><p data-start=\"2133\" data-end=\"2170\">A solicita limitarea prelucr\u0103rii datelor tale.<\/p><\/li><\/ul><p data-start=\"2172\" data-end=\"2269\">Pentru \u00eentreb\u0103ri sau pentru a-\u021bi exercita drepturile, scrie-ne la <a class=\"decorated-link cursor-pointer\" rel=\"noopener\" data-start=\"979\" data-end=\"995\">contact@kecersrl.ro<\/a>\u00a0email c\u00edmre.<\/p>\t\t\t\t\t\t\t\t<\/div>\n\t\t\t\t<div class=\"elementor-element elementor-element-0fb126d elementor-widget elementor-widget-heading\" data-id=\"0fb126d\" data-element_type=\"widget\" data-e-type=\"widget\" data-widget_type=\"heading.default\">\n\t\t\t\t\t<h2 class=\"elementor-heading-title elementor-size-default\">Formular de contact<\/h2>\t\t\t\t<\/div>\n\t\t\t\t<div class=\"elementor-element elementor-element-32207a2 elementor-widget elementor-widget-text-editor\" data-id=\"32207a2\" data-element_type=\"widget\" data-e-type=\"widget\" data-widget_type=\"text-editor.default\">\n\t\t\t\t\t\t\t\t\t<p data-start=\"1987\" data-end=\"2012\">Datele pe care le furnizezi \u00een formular sunt prelucrate exclusiv de KECER SRL, \u00een scopurile men\u021bionate mai sus. Prelucrarea datelor este voluntar\u0103, dar necesar\u0103 pentru a putea lua leg\u0103tura cu tine.<\/p>\t\t\t\t\t\t\t\t<\/div>\n\t\t\t\t\t<\/div>\n\t\t\t\t<\/div>\n\t\t\t\t<\/div>","protected":false},"excerpt":{"rendered":"<p>Adatv\u00e9delmi ir\u00e1nyelvek \u2013 KECER SRL Ez a szem\u00e9lyes adatok v\u00e9delmi politik\u00e1ja (\u201ePolitika\u201d) ismerteti, hogyan gy\u0171jtj\u00fck, haszn\u00e1ljuk \u00e9s kezelj\u00fck a szem\u00e9lyes adataidat a KECER SRL (a tov\u00e1bbiakban: \u201eKECER\u201d) weboldal\u00e1n \u00e9s szolg\u00e1ltat\u00e1sain kereszt\u00fcl. A KECER elk\u00f6telezett a szem\u00e9lyes adatok v\u00e9delme \u00e9s a felhaszn\u00e1l\u00f3k mag\u00e1n\u00e9let\u00e9nek tiszteletben tart\u00e1sa mellett. Adatkezel\u0151 C\u00e9g neve: KECER SRLSz\u00e9khely: Farkaslaka 647\/P, Hargita megye, Rom\u00e1niaTelefon: [&hellip;]<\/p>\n","protected":false},"author":1,"featured_media":0,"parent":0,"menu_order":0,"comment_status":"closed","ping_status":"open","template":"","meta":{"site-sidebar-layout":"default","site-content-layout":"","ast-site-content-layout":"default","site-content-style":"default","site-sidebar-style":"default","ast-global-header-display":"","ast-banner-title-visibility":"","ast-main-header-display":"","ast-hfb-above-header-display":"","ast-hfb-below-header-display":"","ast-hfb-mobile-header-display":"","site-post-title":"disabled","ast-breadcrumbs-content":"","ast-featured-img":"","footer-sml-layout":"","ast-disable-related-posts":"","theme-transparent-header-meta":"","adv-header-id-meta":"","stick-header-meta":"","header-above-stick-meta":"","header-main-stick-meta":"","header-below-stick-meta":"","astra-migrate-meta-layouts":"set","ast-page-background-enabled":"default","ast-page-background-meta":{"desktop":{"background-color":"","background-image":"","background-repeat":"repeat","background-position":"center center","background-size":"auto","background-attachment":"scroll","background-type":"","background-media":"","overlay-type":"","overlay-color":"","overlay-opacity":"","overlay-gradient":""},"tablet":{"background-color":"","background-image":"","background-repeat":"repeat","background-position":"center center","background-size":"auto","background-attachment":"scroll","background-type":"","background-media":"","overlay-type":"","overlay-color":"","overlay-opacity":"","overlay-gradient":""},"mobile":{"background-color":"","background-image":"","background-repeat":"repeat","background-position":"center center","background-size":"auto","background-attachment":"scroll","background-type":"","background-media":"","overlay-type":"","overlay-color":"","overlay-opacity":"","overlay-gradient":""}},"ast-content-background-meta":{"desktop":{"background-color":"var(--ast-global-color-5)","background-image":"","background-repeat":"repeat","background-position":"center center","background-size":"auto","background-attachment":"scroll","background-type":"","background-media":"","overlay-type":"","overlay-color":"","overlay-opacity":"","overlay-gradient":""},"tablet":{"background-color":"var(--ast-global-color-5)","background-image":"","background-repeat":"repeat","background-position":"center center","background-size":"auto","background-attachment":"scroll","background-type":"","background-media":"","overlay-type":"","overlay-color":"","overlay-opacity":"","overlay-gradient":""},"mobile":{"background-color":"var(--ast-global-color-5)","background-image":"","background-repeat":"repeat","background-position":"center center","background-size":"auto","background-attachment":"scroll","background-type":"","background-media":"","overlay-type":"","overlay-color":"","overlay-opacity":"","overlay-gradient":""}},"footnotes":""},"class_list":["post-3","page","type-page","status-publish","hentry"],"yoast_head":"<!-- This site is optimized with the Yoast SEO plugin v27.1.1 - https:\/\/yoast.com\/product\/yoast-seo-wordpress\/ -->\n<title>Adatv\u00e9delmi ir\u00e1nyelvek - KECER SRL<\/title>\n<meta name=\"robots\" content=\"index, follow, max-snippet:-1, max-image-preview:large, max-video-preview:-1\" \/>\n<link rel=\"canonical\" href=\"https:\/\/kecersrl.ro\/ro\/privacy-policy\/\" \/>\n<meta property=\"og:locale\" content=\"ro_RO\" \/>\n<meta property=\"og:type\" content=\"article\" \/>\n<meta property=\"og:title\" content=\"Adatv\u00e9delmi ir\u00e1nyelvek - KECER SRL\" \/>\n<meta property=\"og:description\" content=\"Adatv\u00e9delmi ir\u00e1nyelvek \u2013 KECER SRL Ez a szem\u00e9lyes adatok v\u00e9delmi politik\u00e1ja (\u201ePolitika\u201d) ismerteti, hogyan gy\u0171jtj\u00fck, haszn\u00e1ljuk \u00e9s kezelj\u00fck a szem\u00e9lyes adataidat a KECER SRL (a tov\u00e1bbiakban: \u201eKECER\u201d) weboldal\u00e1n \u00e9s szolg\u00e1ltat\u00e1sain kereszt\u00fcl. A KECER elk\u00f6telezett a szem\u00e9lyes adatok v\u00e9delme \u00e9s a felhaszn\u00e1l\u00f3k mag\u00e1n\u00e9let\u00e9nek tiszteletben tart\u00e1sa mellett. Adatkezel\u0151 C\u00e9g neve: KECER SRLSz\u00e9khely: Farkaslaka 647\/P, Hargita megye, Rom\u00e1niaTelefon: [&hellip;]\" \/>\n<meta property=\"og:url\" content=\"https:\/\/kecersrl.ro\/ro\/privacy-policy\/\" \/>\n<meta property=\"og:site_name\" content=\"KECER SRL\" \/>\n<meta property=\"article:publisher\" content=\"https:\/\/www.facebook.com\/people\/Kecer-Srl\/61585232901414\/\" \/>\n<meta property=\"article:modified_time\" content=\"2026-02-08T13:01:57+00:00\" \/>\n<meta name=\"twitter:card\" content=\"summary_large_image\" \/>\n<meta name=\"twitter:label1\" content=\"Timp estimat pentru citire\" \/>\n\t<meta name=\"twitter:data1\" content=\"2 minute\" \/>\n<script type=\"application\/ld+json\" class=\"yoast-schema-graph\">{\"@context\":\"https:\/\/schema.org\",\"@graph\":[{\"@type\":\"WebPage\",\"@id\":\"https:\/\/kecersrl.ro\/privacy-policy\/\",\"url\":\"https:\/\/kecersrl.ro\/privacy-policy\/\",\"name\":\"Adatv\u00e9delmi ir\u00e1nyelvek - KECER SRL\",\"isPartOf\":{\"@id\":\"https:\/\/kecersrl.ro\/#website\"},\"datePublished\":\"2025-12-11T18:49:33+00:00\",\"dateModified\":\"2026-02-08T13:01:57+00:00\",\"breadcrumb\":{\"@id\":\"https:\/\/kecersrl.ro\/privacy-policy\/#breadcrumb\"},\"inLanguage\":\"ro-RO\",\"potentialAction\":[{\"@type\":\"ReadAction\",\"target\":[\"https:\/\/kecersrl.ro\/privacy-policy\/\"]}]},{\"@type\":\"BreadcrumbList\",\"@id\":\"https:\/\/kecersrl.ro\/privacy-policy\/#breadcrumb\",\"itemListElement\":[{\"@type\":\"ListItem\",\"position\":1,\"name\":\"Home\",\"item\":\"https:\/\/kecersrl.ro\/\"},{\"@type\":\"ListItem\",\"position\":2,\"name\":\"Adatv\u00e9delmi ir\u00e1nyelvek\"}]},{\"@type\":\"WebSite\",\"@id\":\"https:\/\/kecersrl.ro\/#website\",\"url\":\"https:\/\/kecersrl.ro\/\",\"name\":\"KECER SRL\",\"description\":\"Min\u0151s\u00e9gi fa ajt\u00f3k \u00e9s ablakok gy\u00e1rt\u00e1sa | egyedi asztalos megold\u00e1sok\",\"publisher\":{\"@id\":\"https:\/\/kecersrl.ro\/#organization\"},\"inLanguage\":\"ro-RO\"},{\"@type\":\"Organization\",\"@id\":\"https:\/\/kecersrl.ro\/#organization\",\"name\":\"KECER SRL\",\"url\":\"https:\/\/kecersrl.ro\/\",\"logo\":{\"@type\":\"ImageObject\",\"inLanguage\":\"ro-RO\",\"@id\":\"https:\/\/kecersrl.ro\/#\/schema\/logo\/image\/\",\"url\":\"https:\/\/kecersrl.ro\/wp-content\/uploads\/2026\/02\/cropped-cropped-logo.png\",\"contentUrl\":\"https:\/\/kecersrl.ro\/wp-content\/uploads\/2026\/02\/cropped-cropped-logo.png\",\"width\":328,\"height\":97,\"caption\":\"KECER SRL\"},\"image\":{\"@id\":\"https:\/\/kecersrl.ro\/#\/schema\/logo\/image\/\"},\"sameAs\":[\"https:\/\/www.facebook.com\/people\/Kecer-Srl\/61585232901414\/\",\"https:\/\/api.whatsapp.com\/send\/?phone=40743919393&text&type=phone_number&app_absent=0\"]}]}<\/script>\n<!-- \/ Yoast SEO plugin. -->","yoast_head_json":{"title":"Adatv\u00e9delmi ir\u00e1nyelvek - KECER SRL","robots":{"index":"index","follow":"follow","max-snippet":"max-snippet:-1","max-image-preview":"max-image-preview:large","max-video-preview":"max-video-preview:-1"},"canonical":"https:\/\/kecersrl.ro\/ro\/privacy-policy\/","og_locale":"ro_RO","og_type":"article","og_title":"Adatv\u00e9delmi ir\u00e1nyelvek - KECER SRL","og_description":"Adatv\u00e9delmi ir\u00e1nyelvek \u2013 KECER SRL Ez a szem\u00e9lyes adatok v\u00e9delmi politik\u00e1ja (\u201ePolitika\u201d) ismerteti, hogyan gy\u0171jtj\u00fck, haszn\u00e1ljuk \u00e9s kezelj\u00fck a szem\u00e9lyes adataidat a KECER SRL (a tov\u00e1bbiakban: \u201eKECER\u201d) weboldal\u00e1n \u00e9s szolg\u00e1ltat\u00e1sain kereszt\u00fcl. A KECER elk\u00f6telezett a szem\u00e9lyes adatok v\u00e9delme \u00e9s a felhaszn\u00e1l\u00f3k mag\u00e1n\u00e9let\u00e9nek tiszteletben tart\u00e1sa mellett. Adatkezel\u0151 C\u00e9g neve: KECER SRLSz\u00e9khely: Farkaslaka 647\/P, Hargita megye, Rom\u00e1niaTelefon: [&hellip;]","og_url":"https:\/\/kecersrl.ro\/ro\/privacy-policy\/","og_site_name":"KECER SRL","article_publisher":"https:\/\/www.facebook.com\/people\/Kecer-Srl\/61585232901414\/","article_modified_time":"2026-02-08T13:01:57+00:00","twitter_card":"summary_large_image","twitter_misc":{"Timp estimat pentru citire":"2 minute"},"schema":{"@context":"https:\/\/schema.org","@graph":[{"@type":"WebPage","@id":"https:\/\/kecersrl.ro\/privacy-policy\/","url":"https:\/\/kecersrl.ro\/privacy-policy\/","name":"Adatv\u00e9delmi ir\u00e1nyelvek - KECER SRL","isPartOf":{"@id":"https:\/\/kecersrl.ro\/#website"},"datePublished":"2025-12-11T18:49:33+00:00","dateModified":"2026-02-08T13:01:57+00:00","breadcrumb":{"@id":"https:\/\/kecersrl.ro\/privacy-policy\/#breadcrumb"},"inLanguage":"ro-RO","potentialAction":[{"@type":"ReadAction","target":["https:\/\/kecersrl.ro\/privacy-policy\/"]}]},{"@type":"BreadcrumbList","@id":"https:\/\/kecersrl.ro\/privacy-policy\/#breadcrumb","itemListElement":[{"@type":"ListItem","position":1,"name":"Home","item":"https:\/\/kecersrl.ro\/"},{"@type":"ListItem","position":2,"name":"Adatv\u00e9delmi ir\u00e1nyelvek"}]},{"@type":"WebSite","@id":"https:\/\/kecersrl.ro\/#website","url":"https:\/\/kecersrl.ro\/","name":"KECER SRL","description":"Min\u0151s\u00e9gi fa ajt\u00f3k \u00e9s ablakok gy\u00e1rt\u00e1sa | egyedi asztalos megold\u00e1sok","publisher":{"@id":"https:\/\/kecersrl.ro\/#organization"},"inLanguage":"ro-RO"},{"@type":"Organization","@id":"https:\/\/kecersrl.ro\/#organization","name":"KECER SRL","url":"https:\/\/kecersrl.ro\/","logo":{"@type":"ImageObject","inLanguage":"ro-RO","@id":"https:\/\/kecersrl.ro\/#\/schema\/logo\/image\/","url":"https:\/\/kecersrl.ro\/wp-content\/uploads\/2026\/02\/cropped-cropped-logo.png","contentUrl":"https:\/\/kecersrl.ro\/wp-content\/uploads\/2026\/02\/cropped-cropped-logo.png","width":328,"height":97,"caption":"KECER SRL"},"image":{"@id":"https:\/\/kecersrl.ro\/#\/schema\/logo\/image\/"},"sameAs":["https:\/\/www.facebook.com\/people\/Kecer-Srl\/61585232901414\/","https:\/\/api.whatsapp.com\/send\/?phone=40743919393&text&type=phone_number&app_absent=0"]}]}},"_hostinger_reach_plugin_has_subscription_block":false,"_hostinger_reach_plugin_is_elementor":false,"_links":{"self":[{"href":"https:\/\/kecersrl.ro\/ro\/wp-json\/wp\/v2\/pages\/3","targetHints":{"allow":["GET"]}}],"collection":[{"href":"https:\/\/kecersrl.ro\/ro\/wp-json\/wp\/v2\/pages"}],"about":[{"href":"https:\/\/kecersrl.ro\/ro\/wp-json\/wp\/v2\/types\/page"}],"author":[{"embeddable":true,"href":"https:\/\/kecersrl.ro\/ro\/wp-json\/wp\/v2\/users\/1"}],"replies":[{"embeddable":true,"href":"https:\/\/kecersrl.ro\/ro\/wp-json\/wp\/v2\/comments?post=3"}],"version-history":[{"count":46,"href":"https:\/\/kecersrl.ro\/ro\/wp-json\/wp\/v2\/pages\/3\/revisions"}],"predecessor-version":[{"id":2220,"href":"https:\/\/kecersrl.ro\/ro\/wp-json\/wp\/v2\/pages\/3\/revisions\/2220"}],"wp:attachment":[{"href":"https:\/\/kecersrl.ro\/ro\/wp-json\/wp\/v2\/media?parent=3"}],"curies":[{"name":"wp","href":"https:\/\/api.w.org\/{rel}","templated":true}]}}